{"id":579,"date":"2021-04-04T19:43:37","date_gmt":"2021-04-04T19:43:37","guid":{"rendered":"https:\/\/www.serbianama.org\/?page_id=579"},"modified":"2026-03-24T19:22:44","modified_gmt":"2026-03-24T23:22:44","slug":"financials","status":"publish","type":"page","link":"https:\/\/www.serbianama.org\/sr\/financials\/","title":{"rendered":"\u0424\u0438\u043d\u0430\u043d\u0441\u0438\u0458\u0435"},"content":{"rendered":"<div data-elementor-type=\"wp-page\" data-elementor-id=\"579\" class=\"elementor elementor-579\" data-elementor-post-type=\"page\">\n\t\t\t\t\t\t<section class=\"elementor-section elementor-top-section elementor-element elementor-element-80a4ca5 elementor-section-boxed elementor-section-height-default elementor-section-height-default\" data-id=\"80a4ca5\" data-element_type=\"section\" data-e-type=\"section\">\n\t\t\t\t\t\t<div class=\"elementor-container elementor-column-gap-default\">\n\t\t\t\t\t<div class=\"elementor-column elementor-col-100 elementor-top-column elementor-element elementor-element-72c4dfa\" data-id=\"72c4dfa\" data-element_type=\"column\" data-e-type=\"column\">\n\t\t\t<div class=\"elementor-widget-wrap elementor-element-populated\">\n\t\t\t\t\t\t<div class=\"elementor-element elementor-element-c84e3d9 elementor-widget elementor-widget-button\" data-id=\"c84e3d9\" data-element_type=\"widget\" data-e-type=\"widget\" data-widget_type=\"button.default\">\n\t\t\t\t<div class=\"elementor-widget-container\">\n\t\t\t\t\t\t\t\t\t<div class=\"elementor-button-wrapper\">\n\t\t\t\t\t<a class=\"elementor-button elementor-size-md\" role=\"button\">\n\t\t\t\t\t\t<span class=\"elementor-button-content-wrapper\">\n\t\t\t\t\t\t\t\t\t<span class=\"elementor-button-text\">\u0424\u0418\u041d\u0410\u041d\u0421\u0418\u0408\u0415<\/span>\n\t\t\t\t\t<\/span>\n\t\t\t\t\t<\/a>\n\t\t\t\t<\/div>\n\t\t\t\t\t\t\t\t<\/div>\n\t\t\t\t<\/div>\n\t\t\t\t<div class=\"elementor-element elementor-element-67e83a0 heading-title elementor-widget elementor-widget-heading\" data-id=\"67e83a0\" data-element_type=\"widget\" data-e-type=\"widget\" data-widget_type=\"heading.default\">\n\t\t\t\t<div class=\"elementor-widget-container\">\n\t\t\t\t\t<h3 class=\"elementor-heading-title elementor-size-default\">\u0414\u041e\u041a\u0423\u041c\u0415\u041d\u0422\u0418 \u0418 \u0418\u0417\u0412\u0415\u0428\u0422\u0410\u0408\u0418<\/h3>\t\t\t\t<\/div>\n\t\t\t\t<\/div>\n\t\t\t\t<div class=\"elementor-element elementor-element-fa91bfc elementor-widget elementor-widget-menu-anchor\" data-id=\"fa91bfc\" data-element_type=\"widget\" data-e-type=\"widget\" data-widget_type=\"menu-anchor.default\">\n\t\t\t\t<div class=\"elementor-widget-container\">\n\t\t\t\t\t\t\t<div class=\"elementor-menu-anchor\" id=\"report\"><\/div>\n\t\t\t\t\t\t<\/div>\n\t\t\t\t<\/div>\n\t\t\t\t<div class=\"elementor-element elementor-element-b649852 elementor-widget elementor-widget-toggle\" data-id=\"b649852\" data-element_type=\"widget\" data-e-type=\"widget\" data-widget_type=\"toggle.default\">\n\t\t\t\t<div class=\"elementor-widget-container\">\n\t\t\t\t\t\t\t<div class=\"elementor-toggle\">\n\t\t\t\t\t\t\t<div class=\"elementor-toggle-item\">\n\t\t\t\t\t<div id=\"elementor-tab-title-1911\" class=\"elementor-tab-title\" data-tab=\"1\" role=\"button\" aria-controls=\"elementor-tab-content-1911\" aria-expanded=\"false\">\n\t\t\t\t\t\t\t\t\t\t\t\t<span class=\"elementor-toggle-icon elementor-toggle-icon-left\" aria-hidden=\"true\">\n\t\t\t\t\t\t\t\t\t\t\t\t\t\t\t<span class=\"elementor-toggle-icon-closed\"><i class=\"far fa-file-pdf\"><\/i><\/span>\n\t\t\t\t\t\t\t\t<span class=\"elementor-toggle-icon-opened\"><i class=\"elementor-toggle-icon-opened fas fa-arrow-circle-down\"><\/i><\/span>\n\t\t\t\t\t\t\t\t\t\t\t\t\t<\/span>\n\t\t\t\t\t\t\t\t\t\t\t\t<a class=\"elementor-toggle-title\" tabindex=\"0\">\u0424\u0438\u043d\u0430\u043d\u0441\u0438\u0458\u0441\u043a\u0438 \u0438\u0437\u0432\u0435\u0448\u0442\u0430\u0458\u0438<\/a>\n\t\t\t\t\t<\/div>\n\n\t\t\t\t\t<div id=\"elementor-tab-content-1911\" class=\"elementor-tab-content elementor-clearfix\" data-tab=\"1\" role=\"region\" aria-labelledby=\"elementor-tab-title-1911\"><p><a style=\"font-family: var( --e-global-typography-text-font-family ), Sans-serif; font-size: 1.4rem; font-weight: var( --e-global-typography-text-font-weight ); background-color: #ffffff;\" href=\"https:\/\/serbianama.info\/2025-financial-report\/\" target=\"_blank\" rel=\"noopener\">2025<\/a><a style=\"background-color: #ffffff;\" href=\"https:\/\/serbianama.info\/2024-financial-report\/\" target=\"_blank\" rel=\"noopener\">\u00a0<\/a><\/p><p><a href=\"https:\/\/serbianama.info\/2024-financial-report\/\" target=\"_blank\" rel=\"noopener\">2024 <i><\/i><\/a><\/p><p><a href=\"https:\/\/serbianama.info\/2023-financial-report\/\" target=\"_blank\" rel=\"noopener\">2023 <i><\/i><\/a><\/p><p><a href=\"https:\/\/serbianama.info\/2022-financial-report\/\" target=\"_blank\" rel=\"noopener\">2022 <i><\/i><\/a><\/p><p><a href=\"https:\/\/serbianama.info\/2021-financial-report\/\" target=\"_blank\" rel=\"noopener\">2021 <i><\/i><\/a><\/p><p><a href=\"https:\/\/serbianama.info\/2020-financial-report\/\" target=\"_blank\" rel=\"noopener\">2020 <i><\/i><\/a><\/p><p><a href=\"https:\/\/serbianama.info\/2019-financial-summary\/\" target=\"_blank\" rel=\"noopener\">2019 <i><\/i><\/a><\/p><\/div>\n\t\t\t\t<\/div>\n\t\t\t\t\t\t\t<div class=\"elementor-toggle-item\">\n\t\t\t\t\t<div id=\"elementor-tab-title-1912\" class=\"elementor-tab-title\" data-tab=\"2\" role=\"button\" aria-controls=\"elementor-tab-content-1912\" aria-expanded=\"false\">\n\t\t\t\t\t\t\t\t\t\t\t\t<span class=\"elementor-toggle-icon elementor-toggle-icon-left\" aria-hidden=\"true\">\n\t\t\t\t\t\t\t\t\t\t\t\t\t\t\t<span class=\"elementor-toggle-icon-closed\"><i class=\"far fa-file-pdf\"><\/i><\/span>\n\t\t\t\t\t\t\t\t<span class=\"elementor-toggle-icon-opened\"><i class=\"elementor-toggle-icon-opened fas fa-arrow-circle-down\"><\/i><\/span>\n\t\t\t\t\t\t\t\t\t\t\t\t\t<\/span>\n\t\t\t\t\t\t\t\t\t\t\t\t<a class=\"elementor-toggle-title\" tabindex=\"0\">\u0413\u043e\u0434\u0438\u0448\u045a\u0438 \u0438\u0437\u0432\u0458\u0435\u0448\u0442\u0430\u0458\u0438<\/a>\n\t\t\t\t\t<\/div>\n\n\t\t\t\t\t<div id=\"elementor-tab-content-1912\" class=\"elementor-tab-content elementor-clearfix\" data-tab=\"2\" role=\"region\" aria-labelledby=\"elementor-tab-title-1912\"><p><a class=\"documents\" href=\"https:\/\/www.serbianama.org\/wp-content\/uploads\/2026\/03\/2025-Annual-Report.pdf\" target=\"_blank\" rel=\"noopener\">\u0413\u043e\u0434\u0438\u0448\u045a\u0438 \u0438\u0437\u0432\u0435\u0448\u0442\u0430\u0458 \u0437\u0430 2025. \u0433\u043e\u0434\u0438\u043d\u0443 <i class=\"fas fa-external-link-alt\"><\/i><\/a><\/p><p><a class=\"documents\" href=\"https:\/\/www.serbianama.org\/wp-content\/uploads\/2025\/04\/Annual-Report-2024.pdf\" target=\"_blank\" rel=\"noopener\">\u0413\u043e\u0434\u0438\u0448\u045a\u0438 \u0438\u0437\u0432\u0435\u0448\u0442\u0430\u0458 \u0437\u0430 2024 <i class=\"fas fa-external-link-alt\"><\/i><\/a><\/p><p><a class=\"documents\" href=\"https:\/\/www.serbianama.org\/wp-content\/uploads\/2025\/04\/Godisnji-Izvestaj-2024.pdf\" target=\"_blank\" rel=\"noopener\">2024 \u0413\u041e\u0414\u0418\u0428\u040a\u0418 \u0418\u0417\u0412\u0415\u0428\u0422\u0410\u0408 <i class=\"fas fa-external-link-alt\"><\/i><\/a><\/p><p><a class=\"documents\" href=\"https:\/\/www.serbianama.org\/wp-content\/uploads\/2024\/03\/SAMA-2023-Annual-Report-FInal.pdf\" target=\"_blank\" rel=\"noopener\">\u0413\u043e\u0434\u0438\u0448\u045a\u0438 \u0438\u0437\u0432\u0435\u0448\u0442\u0430\u0458 \u0437\u0430 2023 <i class=\"fas fa-external-link-alt\"><\/i><\/a><\/p><p><a class=\"documents\" href=\"https:\/\/www.serbianama.org\/wp-content\/uploads\/2024\/03\/SAMA-Godisnji-Izvestaj-Final.pdf\" target=\"_blank\" rel=\"noopener\">2023 \u0413\u041e\u0414\u0418\u0428\u040a\u0418 \u0418\u0417\u0412\u0415\u0428\u0422\u0410\u0408 <i class=\"fas fa-external-link-alt\"><\/i><\/a><\/p><\/div>\n\t\t\t\t<\/div>\n\t\t\t\t\t\t\t<div class=\"elementor-toggle-item\">\n\t\t\t\t\t<div id=\"elementor-tab-title-1913\" class=\"elementor-tab-title\" data-tab=\"3\" role=\"button\" aria-controls=\"elementor-tab-content-1913\" aria-expanded=\"false\">\n\t\t\t\t\t\t\t\t\t\t\t\t<span class=\"elementor-toggle-icon elementor-toggle-icon-left\" aria-hidden=\"true\">\n\t\t\t\t\t\t\t\t\t\t\t\t\t\t\t<span class=\"elementor-toggle-icon-closed\"><i class=\"far fa-file-pdf\"><\/i><\/span>\n\t\t\t\t\t\t\t\t<span class=\"elementor-toggle-icon-opened\"><i class=\"elementor-toggle-icon-opened fas fa-arrow-circle-down\"><\/i><\/span>\n\t\t\t\t\t\t\t\t\t\t\t\t\t<\/span>\n\t\t\t\t\t\t\t\t\t\t\t\t<a class=\"elementor-toggle-title\" tabindex=\"0\">\u041f\u043e\u0440\u0435\u0441\u043a\u0435 \u043f\u0440\u0438\u0458\u0430\u0432\u0435<\/a>\n\t\t\t\t\t<\/div>\n\n\t\t\t\t\t<div id=\"elementor-tab-content-1913\" class=\"elementor-tab-content elementor-clearfix\" data-tab=\"3\" role=\"region\" aria-labelledby=\"elementor-tab-title-1913\"><p><a class=\"documents\" href=\"https:\/\/www.serbianama.org\/wp-content\/uploads\/2025\/05\/2024-08010.0-2024-Form-990-Public-Inspection-Copy-5122025.pdf\" target=\"_blank\" rel=\"noopener\"><i class=\"far fa-file-pdf\"><\/i> 2024<\/a><\/p><p><a class=\"documents\" href=\"https:\/\/www.serbianama.org\/wp-content\/uploads\/2024\/05\/2023-08010.0-2023-Form-990-Public-Inspection-Copy-582024.pdf\" target=\"_blank\" rel=\"noopener\"><i class=\"far fa-file-pdf\"><\/i> 2023<\/a><\/p><p><a class=\"documents\" href=\"https:\/\/www.serbianama.org\/wp-content\/uploads\/2023\/03\/Form990Package.pdf\"><i class=\"far fa-file-pdf\"><\/i> 2022<\/a><\/p><p><a class=\"documents\" href=\"https:\/\/www.dropbox.com\/s\/0v7l7kj3nwn7rl2\/2021%20SAMA%20Tax%20Return%20rev4.pdf?dl=0\" rel=\"noopener\"><i class=\"far fa-file-pdf\"><\/i> 2021<\/a><\/p><p><a class=\"documents\" href=\"http:\/\/serbianama.org\/wp-content\/uploads\/2021\/05\/2020-Form-990.pdf\" rel=\"noopener\"><i class=\"far fa-file-pdf\"><\/i> 2020<\/a><\/p><p><a class=\"documents\" href=\"\/wp-content\/uploads\/2021\/05\/2019-tax.pdf\"><i class=\"far fa-file-pdf\"><\/i> 2019<\/a><\/p><p><a class=\"documents\" href=\"\/wp-content\/uploads\/2021\/05\/2018-tax.pdf\" target=\"_blank\" rel=\"noopener\"><i class=\"far fa-file-pdf\"><\/i> 2018<\/a><\/p><p><a class=\"documents\" href=\"\/wp-content\/uploads\/2021\/05\/2017-tax.pdf\" target=\"_blank\" rel=\"noopener\"><i class=\"far fa-file-pdf\"><\/i> 2017<\/a><\/p><p><a class=\"documents\" href=\"\/wp-content\/uploads\/2021\/05\/2014-tax.pdf\" target=\"_blank\" rel=\"noopener\"><i class=\"far fa-file-pdf\"><\/i> 2014<\/a><\/p><\/div>\n\t\t\t\t<\/div>\n\t\t\t\t\t\t\t<div class=\"elementor-toggle-item\">\n\t\t\t\t\t<div id=\"elementor-tab-title-1914\" class=\"elementor-tab-title\" data-tab=\"4\" role=\"button\" aria-controls=\"elementor-tab-content-1914\" aria-expanded=\"false\">\n\t\t\t\t\t\t\t\t\t\t\t\t<span class=\"elementor-toggle-icon elementor-toggle-icon-left\" aria-hidden=\"true\">\n\t\t\t\t\t\t\t\t\t\t\t\t\t\t\t<span class=\"elementor-toggle-icon-closed\"><i class=\"far fa-file-pdf\"><\/i><\/span>\n\t\t\t\t\t\t\t\t<span class=\"elementor-toggle-icon-opened\"><i class=\"elementor-toggle-icon-opened fas fa-arrow-circle-down\"><\/i><\/span>\n\t\t\t\t\t\t\t\t\t\t\t\t\t<\/span>\n\t\t\t\t\t\t\t\t\t\t\t\t<a class=\"elementor-toggle-title\" tabindex=\"0\">\u041c\u043e\u043d\u0438\u0442\u043e\u0440\u0438\u043d\u0433<\/a>\n\t\t\t\t\t<\/div>\n\n\t\t\t\t\t<div id=\"elementor-tab-content-1914\" class=\"elementor-tab-content elementor-clearfix\" data-tab=\"4\" role=\"region\" aria-labelledby=\"elementor-tab-title-1914\"><p><a class=\"documents\" href=\"https:\/\/projects.propublica.org\/nonprofits\/organizations\/270986833\" target=\"_blank\" rel=\"noopener\"><i class=\"far fa-file-pdf\"><\/i> \u041f\u0440\u043e\u0431\u0443\u0431\u043b\u0438\u0446\u0430<\/a><br \/><a class=\"documents\" href=\"https:\/\/www.guidestar.org\/profile\/27-0986833\" target=\"_blank\" rel=\"noopener\"><i class=\"far fa-file-pdf\"><\/i> \u0413\u0443\u0438\u0434\u0435\u0441\u0442\u0430\u0440<\/a><\/p><\/div>\n\t\t\t\t<\/div>\n\t\t\t\t\t\t\t<div class=\"elementor-toggle-item\">\n\t\t\t\t\t<div id=\"elementor-tab-title-1915\" class=\"elementor-tab-title\" data-tab=\"5\" role=\"button\" aria-controls=\"elementor-tab-content-1915\" aria-expanded=\"false\">\n\t\t\t\t\t\t\t\t\t\t\t\t<span class=\"elementor-toggle-icon elementor-toggle-icon-left\" aria-hidden=\"true\">\n\t\t\t\t\t\t\t\t\t\t\t\t\t\t\t<span class=\"elementor-toggle-icon-closed\"><i class=\"far fa-file-pdf\"><\/i><\/span>\n\t\t\t\t\t\t\t\t<span class=\"elementor-toggle-icon-opened\"><i class=\"elementor-toggle-icon-opened fas fa-arrow-circle-down\"><\/i><\/span>\n\t\t\t\t\t\t\t\t\t\t\t\t\t<\/span>\n\t\t\t\t\t\t\t\t\t\t\t\t<a class=\"elementor-toggle-title\" tabindex=\"0\">\u0423\u0433\u043e\u0432\u043e\u0440\u0438 \u0438 \u043f\u0440\u043e\u0458\u0435\u043a\u0442\u043d\u0430 \u0434\u043e\u043a\u0443\u043c\u0435\u043d\u0442\u0430\u0446\u0438\u0458\u0430<\/a>\n\t\t\t\t\t<\/div>\n\n\t\t\t\t\t<div id=\"elementor-tab-content-1915\" class=\"elementor-tab-content elementor-clearfix\" data-tab=\"5\" role=\"region\" aria-labelledby=\"elementor-tab-title-1915\"><p><a class=\"documents\" href=\"https:\/\/serbianama.info\/2021-project-documents\/ \" target=\"_blank\" rel=\"noopener\"><i class=\"far fa-file-pdf\"><\/i> \u0423\u0433\u043e\u0432\u043e\u0440\u0438<\/a><\/p><\/div>\n\t\t\t\t<\/div>\n\t\t\t\t\t\t\t\t<\/div>\n\t\t\t\t\t\t<\/div>\n\t\t\t\t<\/div>\n\t\t\t\t\t<\/div>\n\t\t<\/div>\n\t\t\t\t\t<\/div>\n\t\t<\/section>\n\t\t\t\t<section class=\"elementor-section elementor-top-section elementor-element elementor-element-1f77730 elementor-section-boxed elementor-section-height-default elementor-section-height-default\" data-id=\"1f77730\" data-element_type=\"section\" data-e-type=\"section\">\n\t\t\t\t\t\t<div class=\"elementor-container elementor-column-gap-default\">\n\t\t\t\t\t<div class=\"elementor-column elementor-col-100 elementor-top-column elementor-element elementor-element-f9577cd\" data-id=\"f9577cd\" data-element_type=\"column\" data-e-type=\"column\">\n\t\t\t<div class=\"elementor-widget-wrap elementor-element-populated\">\n\t\t\t\t\t\t<div class=\"elementor-element elementor-element-808f477 elementor-widget elementor-widget-heading\" data-id=\"808f477\" data-element_type=\"widget\" data-e-type=\"widget\" data-widget_type=\"heading.default\">\n\t\t\t\t<div class=\"elementor-widget-container\">\n\t\t\t\t\t<h3 class=\"elementor-heading-title elementor-size-default\"><a href=\"https:\/\/serbianama.info\/sama-donations-summary\/\" rel=\"noopener\">\u0414\u043e\u043d\u0430\u0446\u0438\u0458\u0435 \u0421\u0410\u041c\u0410 2013-2025<\/a><\/h3>\t\t\t\t<\/div>\n\t\t\t\t<\/div>\n\t\t\t\t\t<\/div>\n\t\t<\/div>\n\t\t\t\t\t<\/div>\n\t\t<\/section>\n\t\t\t\t<\/div>","protected":false},"excerpt":{"rendered":"<p>FINANCIALS DOCUMENTS &amp; REPORTS Financial Reports 2025\u00a0 2024 2023 2022 2021 2020 2019 Annual Reports 2025 Annual Report 2024 Annual Report 2024 GODI\u0160NJI IZVE\u0160TAJ 2023 Annual Report 2023 GODI\u0160NJI IZVE\u0160TAJ Tax Returns 2024 2023 2022 2021 2020 2019 2018 2017 2014 Monitoring Probublica Guidestar Contracts and Project Documents Contracts SAMA Donations 2013-2025<\/p>","protected":false},"author":1,"featured_media":0,"parent":0,"menu_order":0,"comment_status":"closed","ping_status":"closed","template":"elementor_header_footer","meta":{"give_campaign_id":0,"footnotes":""},"class_list":["post-579","page","type-page","status-publish","hentry"],"campaignId":"","_links":{"self":[{"href":"https:\/\/www.serbianama.org\/sr\/wp-json\/wp\/v2\/pages\/579","targetHints":{"allow":["GET"]}}],"collection":[{"href":"https:\/\/www.serbianama.org\/sr\/wp-json\/wp\/v2\/pages"}],"about":[{"href":"https:\/\/www.serbianama.org\/sr\/wp-json\/wp\/v2\/types\/page"}],"author":[{"embeddable":true,"href":"https:\/\/www.serbianama.org\/sr\/wp-json\/wp\/v2\/users\/1"}],"replies":[{"embeddable":true,"href":"https:\/\/www.serbianama.org\/sr\/wp-json\/wp\/v2\/comments?post=579"}],"version-history":[{"count":71,"href":"https:\/\/www.serbianama.org\/sr\/wp-json\/wp\/v2\/pages\/579\/revisions"}],"predecessor-version":[{"id":7982,"href":"https:\/\/www.serbianama.org\/sr\/wp-json\/wp\/v2\/pages\/579\/revisions\/7982"}],"wp:attachment":[{"href":"https:\/\/www.serbianama.org\/sr\/wp-json\/wp\/v2\/media?parent=579"}],"curies":[{"name":"\u0412\u041f","href":"https:\/\/api.w.org\/{rel}","templated":true}]}}